{"id":14,"date":"2022-04-20T06:05:45","date_gmt":"2022-04-20T06:05:45","guid":{"rendered":"https:\/\/www.osteospermum.de\/?page_id=14"},"modified":"2022-04-20T06:11:54","modified_gmt":"2022-04-20T06:11:54","slug":"14-2","status":"publish","type":"page","link":"https:\/\/www.osteospermum.de\/index.php\/14-2\/","title":{"rendered":"Impressum"},"content":{"rendered":"<p>Diese Internet-Seite ist ein Projekt der Dehne Dienstleistungs-GmbH, Wiesmoor.<\/p>\n<p><b>Kontakt:<\/b><\/p>\n<div class=\"kontakt-left\">\n<p>Dehne Dienstleistungs-GmbH<br \/>\nAzaleenstr. 87<br \/>\n26639 Wiesmoor<\/p>\n<p>Web: <a title=\"Dehne Dienstleistungs-GmbH\" href=\"http:\/\/www.dehne-internet.de\" target=\"_blank\" rel=\"noopener noreferrer\">www.dehne-internet.de<\/a><br \/>\nE-Mail: <a href=\"mailto:info@dehne-internet.de\">info(at)dehne-internet.de<\/a><\/p>\n<p>Bei Fragen zu den angebotenen Artikeln nutzen Sie bitte die \u201eAnfrage\u201c direkt bei den einzelnen Produktbeschreibungen. Bitte beachten Sie, dass diese Internet-Seite kein Online-Shop ist. Auf dieser Internet-Seite treten wir nicht selbst als H\u00e4ndler auf, sondern pr\u00e4sentieren als unabh\u00e4ngige Informationsplattform themenbezogene Angebote anderer Anbieter durch die Einbindung des jeweiligen Partnerprogramms. Wenn Sie Fragen zu einer Bestellung oder zu einem Produkt haben, kontaktieren Sie bitte direkt den Kundenservice des jeweiligen Anbieters.<\/p>\n<h3>Impressum \u2013 Angaben gem\u00e4\u00df &amp; 5 TMG:<\/h3>\n<p>Dehne Dienstleistungs-GmbH<br \/>\nAzaleenstr. 87<br \/>\n26639 Wiesmoor<\/p>\n<p>Telefon: +49 (0)4944-920486<br \/>\nTelefax: +49 (0)4944-3068149<\/p>\n<p>Web: <a title=\"Dehne Dienstleistungs-GmbH\" href=\"http:\/\/www.dehne-internet.de\" target=\"_blank\" rel=\"noopener noreferrer\">www.dehne-internet.de<\/a><br \/>\nE-Mail: <a href=\"mailto:info@dehne-internet.de\">info(at)dehne-internet.de<\/a><\/p>\n<p><b>Registereintrag:<\/b><\/p>\n<p>Amtsgericht Aurich, Registernummer: HRB 1206<br \/>\nUmsatzsteuer-ID gem\u00e4\u00df \u00a727 a Umsatzsteuergesetz: DE208876989<\/p>\n<p>Gesch\u00e4ftsf\u00fchrer: Lars Dehne<\/p>\n<p>Inhaltlich verantwortlich gem\u00e4\u00df \u00a710 Absatz 3 MDStV: Lars Dehne<\/p>\n<p>Alle Rechte vorbehalten. S\u00e4mtliche Texte, Bilder, Illustrationen, Dokumente und Dateien unterliegen dem Urheberrecht und anderen Gesetzen zum Schutz des geistigen Eigentums.<\/p>\n<\/div>\n<hr \/>\n<h3>Haftungsausschluss (Disclaimer)<\/h3>\n<p><em>Externe Inhalte von Stars for Europe<\/em><br \/>\nDas auf dieser Internetpr\u00e4senz verwendete Bildmaterial wird unter anderem von Stars for Europe (starsuniteeurope.eu) bereitgestellt und f\u00fcr passende Pr\u00e4sentations-, Dokumentations- und Promotionszwecke verwendet. Bilder werden, wenn m\u00f6glich, mit dem Quellenhinweis \u201eSfE\u201c vermerkt.<\/p>\n<p><em>Haftung f\u00fcr Inhalte<\/em><br \/>\nAls Diensteanbieter sind wir gem\u00e4\u00df \u00a77 Abs.1 TMG f\u00fcr eigene Inhalte auf diesen Seiten nach den allgemeinen Gesetzen verantwortlich. Nach \u00a78 bis 10 TMG sind wir als Diensteanbieter jedoch nicht verpflichtet, \u00fcbermittelte oder gespeicherte fremde Informationen zu \u00fcberwachen oder nach Umst\u00e4nden zu forschen, die auf eine rechtswidrige T\u00e4tigkeit hinweisen. Verpflichtungen zur Entfernung oder Sperrung der Nutzung von Informationen nach den allgemeinen Gesetzen bleiben hiervon unber\u00fchrt. Eine diesbez\u00fcgliche Haftung ist jedoch erst ab dem Zeitpunkt der Kenntnis einer konkreten Rechtsverletzung m\u00f6glich. Bei Bekanntwerden von entsprechenden Rechtsverletzungen werden wir diese Inhalte umgehend entfernen.<\/p>\n<p><em>Haftung f\u00fcr Links<\/em><br \/>\nUnser Angebot enth\u00e4lt Links zu externen Webseiten Dritter, auf deren Inhalte wir keinen Einfluss haben. Deshalb k\u00f6nnen wir f\u00fcr diese fremden Inhalte auch keine Gew\u00e4hr \u00fcbernehmen. F\u00fcr die Inhalte der verlinkten Seiten ist stets der jeweilige Anbieter oder Betreiber der Seiten verantwortlich. Die verlinkten Seiten wurden zum Zeitpunkt der Verlinkung auf m\u00f6gliche Rechtsverst\u00f6\u00dfe \u00fcberpr\u00fcft. Rechtswidrige Inhalte waren zum Zeitpunkt der Verlinkung nicht erkennbar. Eine permanente inhaltliche Kontrolle der verlinkten Seiten ist jedoch ohne konkrete Anhaltspunkte einer Rechtsverletzung nicht zumutbar. Bei Bekanntwerden von Rechtsverletzungen werden wir derartige Links umgehend entfernen.<\/p>\n<p><em>Urheberrecht<\/em><br \/>\nDie durch die Seitenbetreiber erstellten Inhalte und Werke auf diesen Seiten unterliegen dem deutschen Urheberrecht. Die Vervielf\u00e4ltigung, Bearbeitung, Verbreitung und jede Art der Verwertung au\u00dferhalb der Grenzen des Urheberrechtes bed\u00fcrfen der schriftlichen Zustimmung des jeweiligen Autors bzw. Erstellers. Downloads und Kopien dieser Seite sind nur f\u00fcr den privaten, nicht kommerziellen Gebrauch gestattet. Soweit die Inhalte auf dieser Seite nicht vom Betreiber erstellt wurden, werden die Urheberrechte Dritter beachtet. Insbesondere werden Inhalte Dritter als solche gekennzeichnet. Sollten Sie trotzdem auf eine Urheberrechtsverletzung aufmerksam werden, bitten wir um einen entsprechenden Hinweis. Bei Bekanntwerden von Rechtsverletzungen werden wir derartige Inhalte umgehend entfernen.<\/p>\n<p><em>Hinweis zu unserer Online-Plattform<\/em><br \/>\nBitte beachten Sie, dass wir mit unserer Internet-Seite nicht selbst als H\u00e4ndler auftreten, sondern wir pr\u00e4sentieren als unabh\u00e4ngige Informationsplattform themenbezogene Angebote anderer Anbieter durch die Einbindung des jeweiligen Partnerprogramms. Wenn Sie Fragen zu einer Bestellung oder zu einem Produkt haben, kontaktieren Sie bitte direkt den Kundenservice des jeweiligen Anbieters.<\/p>\n","protected":false},"excerpt":{"rendered":"<p>Diese Internet-Seite ist ein Projekt der Dehne Dienstleistungs-GmbH, Wiesmoor. Kontakt: Dehne Dienstleistungs-GmbH Azaleenstr. 87 26639 Wiesmoor Web: www.dehne-internet.de E-Mail: info(at)dehne-internet.de Bei Fragen zu den angebotenen Artikeln nutzen Sie bitte die \u201eAnfrage\u201c direkt bei den einzelnen Produktbeschreibungen. Bitte beachten Sie, dass diese Internet-Seite kein Online-Shop ist. Auf dieser Internet-Seite treten wir nicht selbst als H\u00e4ndler auf, [&hellip;]<\/p>\n","protected":false},"author":1,"featured_media":0,"parent":0,"menu_order":9999,"comment_status":"closed","ping_status":"closed","template":"","meta":{"footnotes":""},"class_list":["post-14","page","type-page","status-publish","hentry"],"_links":{"self":[{"href":"https:\/\/www.osteospermum.de\/index.php\/wp-json\/wp\/v2\/pages\/14","targetHints":{"allow":["GET"]}}],"collection":[{"href":"https:\/\/www.osteospermum.de\/index.php\/wp-json\/wp\/v2\/pages"}],"about":[{"href":"https:\/\/www.osteospermum.de\/index.php\/wp-json\/wp\/v2\/types\/page"}],"author":[{"embeddable":true,"href":"https:\/\/www.osteospermum.de\/index.php\/wp-json\/wp\/v2\/users\/1"}],"replies":[{"embeddable":true,"href":"https:\/\/www.osteospermum.de\/index.php\/wp-json\/wp\/v2\/comments?post=14"}],"version-history":[{"count":2,"href":"https:\/\/www.osteospermum.de\/index.php\/wp-json\/wp\/v2\/pages\/14\/revisions"}],"predecessor-version":[{"id":18,"href":"https:\/\/www.osteospermum.de\/index.php\/wp-json\/wp\/v2\/pages\/14\/revisions\/18"}],"wp:attachment":[{"href":"https:\/\/www.osteospermum.de\/index.php\/wp-json\/wp\/v2\/media?parent=14"}],"curies":[{"name":"wp","href":"https:\/\/api.w.org\/{rel}","templated":true}]}}