{"id":16,"date":"2022-04-20T06:06:45","date_gmt":"2022-04-20T06:06:45","guid":{"rendered":"https:\/\/www.osteospermum.de\/?page_id=16"},"modified":"2022-04-21T09:41:09","modified_gmt":"2022-04-21T09:41:09","slug":"startseite","status":"publish","type":"page","link":"https:\/\/www.osteospermum.de\/","title":{"rendered":"Kapk\u00f6rbchen &#8211; alles rund um die Zierpflanze"},"content":{"rendered":"<p>Die Pflanzengattung der Kapk\u00f6rbchen, botanisch Osteospermum umfasst eine Vielzahl verschiedener einj\u00e4hriger, wie auch ausdauernder krautiger Pflanzen und immergr\u00fcnen Halbstr\u00e4uchern. Damit ist innerhalb der Gattung die Die Gattung geh\u00f6rt zur gro\u00dfen Familie der Asteraceae, zu Deutsch Korbbl\u00fctler. G\u00e4ngige Synonyme f\u00fcr das Kapk\u00f6rbchen sind zum Beispiel Kapmargerite und Paternosterstrauch. Sehr beliebt als Beet- und Balkonpflanze ist die Bornholmmargerite \u2013 Osteospermum ecklonis.<\/p>\n<h2>Herkunft der Gattung Kapk\u00f6rbchen<\/h2>\n<p>Insgesamt werden unter der Gattung Osteospermum 45 verschiedene Arten zusammengefasst. S\u00fcdafrika und die Arabische Halbinsel beheimaten alleine 35 Osteospermum-Arten. Andernfalls gibt es noch vorkommen in den tropischen Regionen Afrikas. Die Bornholmmargerite stammt beispielsweise aus den Kap-Regionen S\u00fcdafrikas, wo sie auf feuchten Rasenfl\u00e4chen und in Flussbetten gedeiht.<\/p>\n<p>Beschrieben wurde die Gattung durch Carl von Linn\u00e9. Der Gattungsname leitet sich aus dem Griechischen, beziehungsweise Lateinischen ab. \u201eOsteon\u201c bedeutet Knochen und \u201espermum\u201c bedeutet Same.<\/p>\n<h2><a class=\"lightbox\" href=\"https:\/\/www.osteospermum.de\/wp-content\/uploads\/2022\/04\/Osteospermum_homepage_01.png\"><img loading=\"lazy\" decoding=\"async\" class=\"aligncenter size-large wp-image-32\" src=\"https:\/\/www.osteospermum.de\/wp-content\/uploads\/2022\/04\/Osteospermum_homepage_01-1024x512.png\" alt=\"Kapk\u00f6rbchen bilden in Gruppen ein wahres Bl\u00fctenmeer\" width=\"1024\" height=\"512\" srcset=\"https:\/\/www.osteospermum.de\/wp-content\/uploads\/2022\/04\/Osteospermum_homepage_01-1024x512.png 1024w, https:\/\/www.osteospermum.de\/wp-content\/uploads\/2022\/04\/Osteospermum_homepage_01-300x150.png 300w, https:\/\/www.osteospermum.de\/wp-content\/uploads\/2022\/04\/Osteospermum_homepage_01-768x384.png 768w, https:\/\/www.osteospermum.de\/wp-content\/uploads\/2022\/04\/Osteospermum_homepage_01-150x75.png 150w, https:\/\/www.osteospermum.de\/wp-content\/uploads\/2022\/04\/Osteospermum_homepage_01-360x180.png 360w, https:\/\/www.osteospermum.de\/wp-content\/uploads\/2022\/04\/Osteospermum_homepage_01-262x131.png 262w, https:\/\/www.osteospermum.de\/wp-content\/uploads\/2022\/04\/Osteospermum_homepage_01-162x81.png 162w, https:\/\/www.osteospermum.de\/wp-content\/uploads\/2022\/04\/Osteospermum_homepage_01-100x50.png 100w, https:\/\/www.osteospermum.de\/wp-content\/uploads\/2022\/04\/Osteospermum_homepage_01.png 1300w\" sizes=\"auto, (max-width: 1024px) 100vw, 1024px\" \/><\/a><\/h2>\n<h2>Mittlerweile lange etablierte Zierpflanze<\/h2>\n<p>Bei den wundersch\u00f6nen Bl\u00fchpflanzen, die in unseren Graden bei den Fachm\u00e4rkten erh\u00e4ltlich sind, handelt es sich meist um eine der Zahlreichen Hybridsorten, deren Herkunft meist nicht genau zu ermitteln ist. Einige Arten wie Osteospermum fruticosum oder Osteospermum ecklonis sind Ausnahmen.<\/p>\n<p>Die Z\u00fcchtungsanstrengungen sind sehr intensiv und haben in Mitteleuropa als Balkon- und Beetpflanze l\u00e4ngst Fu\u00df gefasst. Zwischen 1997 und 2003 verzehnfachten sich die Verkaufszahlen der Kapmargerite. Es entstehen immer neue Zuchtsorten, sodass Pflanzen mit verschiedensten Wuchseigenschaften auf dem Markt erh\u00e4ltlich sind. Vor allem bei den Bl\u00fctenfarben- und Formen gibt es immer wieder Neuheiten.<\/p>\n<h2>Das Kapk\u00f6rbchen als Art beschreiben<\/h2>\n<p>Der Wuchs ist je nach Art als kriechend bis aufrecht zu beschreiben, oft hat das Kapk\u00f6rbchen aber eine kompakte und buschige Erscheinungsform. Dabei erreichen die Zierpflanzen Wuchsh\u00f6hen zwischen 12 und 50 Zentimeter. An den St\u00e4ngel steht das Laub bei den meisten Arten wechselst\u00e4ndig, seltener gegenst\u00e4ndig. Der Blattrand ist glatt bis gelappt, das Laub ist einfach oder gefiedert geformt und hat stets eine sattgr\u00fcne F\u00e4rbung.<\/p>\n<h3>Bl\u00fcte mit besonderer Eigenschaft<\/h3>\n<p>Bei der Bl\u00fcte der Kapmargerite gibt es eine besonders gro\u00dfe Vielfalt. Die Bl\u00fcten sind stets k\u00f6rbchenf\u00f6rmig und stehen entweder einzeln oder in lockeren, an Rispen, Dolden oder Doldentrauben erinnernden Bl\u00fctenst\u00e4nden. Kreisrund angeordnet stehen dabei Zungen- und R\u00f6hrenbl\u00fcten im Bl\u00fctenk\u00f6rbchen.<\/p>\n<p><a class=\"lightbox\" href=\"https:\/\/www.osteospermum.de\/wp-content\/uploads\/2022\/04\/Osteospermum_homepage_02.png\"><img loading=\"lazy\" decoding=\"async\" class=\"alignright wp-image-33 size-medium\" src=\"https:\/\/www.osteospermum.de\/wp-content\/uploads\/2022\/04\/Osteospermum_homepage_02-300x300.png\" alt=\"In verschiedensten Farben ist die Kapmargerite erh\u00e4ltlich.\" width=\"300\" height=\"300\" srcset=\"https:\/\/www.osteospermum.de\/wp-content\/uploads\/2022\/04\/Osteospermum_homepage_02-300x300.png 300w, https:\/\/www.osteospermum.de\/wp-content\/uploads\/2022\/04\/Osteospermum_homepage_02-150x150.png 150w, https:\/\/www.osteospermum.de\/wp-content\/uploads\/2022\/04\/Osteospermum_homepage_02-360x360.png 360w, https:\/\/www.osteospermum.de\/wp-content\/uploads\/2022\/04\/Osteospermum_homepage_02-262x262.png 262w, https:\/\/www.osteospermum.de\/wp-content\/uploads\/2022\/04\/Osteospermum_homepage_02-162x162.png 162w, https:\/\/www.osteospermum.de\/wp-content\/uploads\/2022\/04\/Osteospermum_homepage_02-100x100.png 100w, https:\/\/www.osteospermum.de\/wp-content\/uploads\/2022\/04\/Osteospermum_homepage_02-50x50.png 50w, https:\/\/www.osteospermum.de\/wp-content\/uploads\/2022\/04\/Osteospermum_homepage_02.png 500w\" sizes=\"auto, (max-width: 300px) 100vw, 300px\" \/><\/a><\/p>\n<p>Die zuerst als Bl\u00fcte zu erkennende um das Bl\u00fctenk\u00f6rbchen angeordneten Zungenbl\u00fcten kommen in den unterschiedlichsten Farben daher, so gibt es wei\u00dfe, rosafarbene, rote bis hin zu violetten Sorten. Auch Sorten mit der L\u00e4nge nach zusammengeschn\u00fcrten Zungenbl\u00fcten, bei denen nur dessen Spitze offenbleibt, sind im Gesch\u00e4ft verf\u00fcgbar.<\/p>\n<h3>Wie kleine Sonnenblumen<\/h3>\n<p>Besonders ist, dass sich die Bl\u00fcten nur bei Sonne vollst\u00e4ndig \u00f6ffnen. Es besteht eine gro\u00dfe \u00c4hnlichkeit zu den Margeriten, weshalb der Name Kapmargerite l\u00e4ngst eingeb\u00fcrgert ist. Die Bl\u00fctezeit liegt zwischen Mai und September. Eine Bl\u00fchpause zwischen Juli und August ist normal, danach bl\u00fcht sie erneut in voller Pracht &#8211; oftmals wird sie f\u00e4lschlicherweise entsorgt.<\/p>\n","protected":false},"excerpt":{"rendered":"<p>Die Pflanzengattung der Kapk\u00f6rbchen, botanisch Osteospermum umfasst eine Vielzahl verschiedener einj\u00e4hriger, wie auch ausdauernder krautiger Pflanzen und immergr\u00fcnen Halbstr\u00e4uchern. Damit ist innerhalb der Gattung die Die Gattung geh\u00f6rt zur gro\u00dfen Familie der Asteraceae, zu Deutsch Korbbl\u00fctler. G\u00e4ngige Synonyme f\u00fcr das Kapk\u00f6rbchen sind zum Beispiel Kapmargerite und Paternosterstrauch. Sehr beliebt als Beet- und Balkonpflanze ist die [&hellip;]<\/p>\n","protected":false},"author":1,"featured_media":0,"parent":0,"menu_order":0,"comment_status":"closed","ping_status":"closed","template":"","meta":{"footnotes":""},"class_list":["post-16","page","type-page","status-publish","hentry"],"_links":{"self":[{"href":"https:\/\/www.osteospermum.de\/index.php\/wp-json\/wp\/v2\/pages\/16","targetHints":{"allow":["GET"]}}],"collection":[{"href":"https:\/\/www.osteospermum.de\/index.php\/wp-json\/wp\/v2\/pages"}],"about":[{"href":"https:\/\/www.osteospermum.de\/index.php\/wp-json\/wp\/v2\/types\/page"}],"author":[{"embeddable":true,"href":"https:\/\/www.osteospermum.de\/index.php\/wp-json\/wp\/v2\/users\/1"}],"replies":[{"embeddable":true,"href":"https:\/\/www.osteospermum.de\/index.php\/wp-json\/wp\/v2\/comments?post=16"}],"version-history":[{"count":7,"href":"https:\/\/www.osteospermum.de\/index.php\/wp-json\/wp\/v2\/pages\/16\/revisions"}],"predecessor-version":[{"id":34,"href":"https:\/\/www.osteospermum.de\/index.php\/wp-json\/wp\/v2\/pages\/16\/revisions\/34"}],"wp:attachment":[{"href":"https:\/\/www.osteospermum.de\/index.php\/wp-json\/wp\/v2\/media?parent=16"}],"curies":[{"name":"wp","href":"https:\/\/api.w.org\/{rel}","templated":true}]}}